{"id":1031,"date":"2024-10-02T19:58:46","date_gmt":"2024-10-02T16:58:46","guid":{"rendered":"https:\/\/masarat.sky-develop.net\/get-involved\/"},"modified":"2025-06-18T14:50:59","modified_gmt":"2025-06-18T11:50:59","slug":"get-involved","status":"publish","type":"page","link":"https:\/\/new.masarat-sy.org\/ar\/get-involved\/","title":{"rendered":"\u0633\u0627\u0647\u0645"},"content":{"rendered":"<div class=\"wpb-content-wrapper\"><p>[vc_row][vc_column]        <div class=\"simple-cta-banner custom-widget\">\n            <div class=\"container\">\n                <div class=\"simple-cta-banner-holder\">\n                    <span class=\"simple-cta--title\">\u0646\u062d\u0646 \u0641\u064a \u0645\u0647\u0645\u0629 \u0644\u062c\u0639\u0644 \u0627\u0644\u062a\u0639\u0644\u064a\u0645 \u0641\u064a \u0645\u062a\u0646\u0627\u0648\u0644 \u0627\u0644\u062c\u0645\u064a\u0639<\/span>\n                                            <a href=\"https:\/\/new.masarat-sy.org\/ar\/?p=132?amount=50\"\n                            target=\"_self\"\n                            class=\"primary-btn donation-btn\">\n                            \u062a\u0628\u0631\u0639 \u0627\u0644\u0622\u0646\n                            <span>\n                                <span><svg width=\"24\" height=\"24\" viewBox=\"0 0 24 24\" fill=\"none\" xmlns=\"http:\/\/www.w3.org\/2000\/svg\">\n    <g id=\"vuesax\/bold\/heart\">\n        <g id=\"heart\">\n            <path id=\"Vector\" opacity=\"0.2\" d=\"M16.44 3.10001C14.63 3.10001 13.01 3.98001 12 5.33001C10.99 3.98001 9.37 3.10001 7.56 3.10001C4.49 3.10001 2 5.60001 2 8.69001C2 9.88001 2.19 10.98 2.52 12C4.1 17 8.97 19.99 11.38 20.81C11.72 20.93 12.28 20.93 12.62 20.81C15.03 19.99 19.9 17 21.48 12C21.81 10.98 22 9.88001 22 8.69001C22 5.60001 19.51 3.10001 16.44 3.10001Z\" fill=\"#584973\"\/>\n        <\/g>\n    <\/g>\n<\/svg><\/span>\n                            <\/span>\n\n                        <\/a>\n                                    <\/div>\n            <\/div>\n        <\/div>\n[\/vc_column][\/vc_row][vc_row full_width=&#8221;stretch_row_content_no_spaces&#8221;][vc_column]        <style>\n                    <\/style>\n        <!-- Start Get Involve Cards -->\n        <section class=\"get-involve-section\" style=\"background: #F5F5F5;\">\n            <div class=\"container\">\n                <div class=\"cards-container get-involve-cards grid-1 grid-md-3\">\n                                                <style>\n                                \/* Controller for button colors *\/\n                                .get-involve-card-69dcc78d35bf2 .primary-btn {\n                                    background: #0094B8;\n                                    color: #FFFFFF;\n                                }\n\n                                .get-involve-card-69dcc78d35bf2 .primary-btn:hover {\n                                    background: #00A3CB;\n                                    color: #FFFFFF;\n                                }\n                            <\/style>\n\n                            <div class=\"get-involve-card custom-widget get-involve-card-69dcc78d35bf2\">\n                                <span class=\"gi-card-title\">\u0627\u0644\u062a\u0628\u0631\u0639\u0627\u062a \u0627\u0644\u0634\u0647\u0631\u064a\u0629<\/span>\n                                <p class=\"gi-card-desc\">\u0625\u0646 \u062f\u0639\u0645\u0643 \u0627\u0644\u0645\u0633\u062a\u0645\u0631 \u064a\u0641\u062a\u062d \u0644\u0643 \u0641\u0631\u0635\u064b\u0627 \u062c\u062f\u064a\u062f\u0629. \u0641\u0645\u0646 \u062e\u0644\u0627\u0644 \u0627\u0644\u0627\u0644\u062a\u0632\u0627\u0645 \u0628\u0627\u0644\u062a\u0628\u0631\u0639 \u0627\u0644\u0634\u0647\u0631\u064a\u060c \u0641\u0625\u0646\u0643 \u062a\u0648\u0641\u0631 \u0648\u0635\u0648\u0644\u0627\u064b \u0645\u0633\u062a\u0645\u0631\u064b\u0627 \u0625\u0644\u0649 \u0627\u0644\u062a\u0639\u0644\u064a\u0645 \u0644\u0645\u0646 \u0647\u0645 \u0641\u064a \u062d\u0627\u062c\u0629 \u0625\u0644\u064a\u0647.<\/p>\n                                <a href=\"https:\/\/masarat-sy.org\/ar\/campaigns\/\" class=\"primary-btn\">\u062a\u0628\u0631\u0639<\/a>\n                            <\/div>\n                                                <style>\n                                \/* Controller for button colors *\/\n                                .get-involve-card-69dcc78d35c0d .primary-btn {\n                                    background: #584873;\n                                    color: #FFFFFF;\n                                }\n\n                                .get-involve-card-69dcc78d35c0d .primary-btn:hover {\n                                    background: #78619F;\n                                    color: #FFFFFF;\n                                }\n                            <\/style>\n\n                            <div class=\"get-involve-card custom-widget get-involve-card-69dcc78d35c0d\">\n                                <span class=\"gi-card-title\">\u0627\u0644\u062a\u0637\u0648\u0639<\/span>\n                                <p class=\"gi-card-desc\">\u0643\u0646 \u062c\u0632\u0621\u064b\u0627 \u0645\u0646 \u0627\u0644\u062a\u063a\u064a\u064a\u0631 \u062a\u0637\u0648\u0639 \u0628\u0648\u0642\u062a\u0643 \u0648\u0637\u0627\u0642\u062a\u0643 \u0644\u0625\u062d\u062f\u0627\u062b \u0641\u0631\u0642 \u062d\u0642\u064a\u0642\u064a \u0641\u064a \u062d\u064a\u0627\u0629 \u0627\u0644\u0622\u062e\u0631\u064a\u0646.<\/p>\n                                <a href=\"https:\/\/masarat-sy.org\/ar\/volunteer-form\/\" class=\"primary-btn\">\u062a\u0637\u0648\u0639 \u0645\u0639\u0646\u0627<\/a>\n                            <\/div>\n                                                <style>\n                                \/* Controller for button colors *\/\n                                .get-involve-card-69dcc78d35c1d .primary-btn {\n                                    background: #6D7348;\n                                    color: #FFFFFF;\n                                }\n\n                                .get-involve-card-69dcc78d35c1d .primary-btn:hover {\n                                    background: #889059;\n                                    color: #FFFFFF;\n                                }\n                            <\/style>\n\n                            <div class=\"get-involve-card custom-widget get-involve-card-69dcc78d35c1d\">\n                                <span class=\"gi-card-title\">\u0627\u0644\u0645\u0633\u0627\u0647\u0645\u0627\u062a<\/span>\n                                <p class=\"gi-card-desc\">\u0627\u0646\u0636\u0645 \u0625\u0644\u064a\u0646\u0627 \u0641\u064a \u0625\u062d\u062f\u0627\u062b \u0627\u0644\u0641\u0627\u0631\u0642: \u0643\u0646 \u0623\u062d\u062f \u062c\u0627\u0645\u0639\u064a \u0627\u0644\u062a\u0628\u0631\u0639\u0627\u062a \u0648\u0633\u0627\u0639\u062f\u0646\u0627 \u0641\u064a \u062f\u0639\u0645 \u0627\u0644\u0637\u0644\u0627\u0628 \u0627\u0644\u0645\u062d\u062a\u0627\u062c\u064a\u0646.<\/p>\n                                <a href=\"https:\/\/masarat-sy.org\/ar\/be-fundraiser\/\" class=\"primary-btn\">\u0633\u0627\u0647\u0645 \u0641\u064a \u0646\u0634\u0631 \u0627\u0644\u0639\u0637\u0627\u0621<\/a>\n                            <\/div>\n                                    <\/div>\n            <\/div>\n        <\/section>\n        <!-- End Get Involve Cards -->\n\n[vc_empty_space height=&#8221;24px&#8221;][\/vc_column][\/vc_row][vc_row][vc_column]        <style>\n                    <\/style>\n        <div class=\"bank-info custom-widget\">\n            <div class=\"bank-info-pattern\">\n                <img decoding=\"async\" src=\"https:\/\/new.masarat-sy.org\/wp-content\/themes\/masarat\/dist\/imgs\/pattern-1.webp\" alt=\"\">\n            <\/div>\n\n            <div class=\"bank-info-motivation\">\n                <span class=\"bi-title\">\u0627\u0644\u062a\u0628\u0631\u0639 \u0639\u0646 \u0637\u0631\u064a\u0642 \u0627\u0644\u062a\u062d\u0648\u064a\u0644 \u0627\u0644\u0628\u0646\u0643\u064a<\/span>\n                <span class=\"bi-guide\">\u064a\u0631\u062c\u0649 \u0625\u0631\u0633\u0627\u0644 \u0646\u0633\u062e\u0629 \u0645\u0646 \u0627\u0644\u062a\u062d\u0648\u064a\u0644 \u0627\u0644\u0628\u0646\u0643\u064a \u0648\u0647\u062f\u0641 \u0627\u0644\u062a\u0628\u0631\u0639 \u0625\u0644\u0649 \u0627\u0644\u0628\u0631\u064a\u062f \u0627\u0644\u0625\u0644\u0643\u062a\u0631\u0648\u0646\u064a:<\/p>\n<p><a href=\"mailto:info@masarat-sy.org\">info@masarat-sy.org<\/a><\/span>\n                <div class=\"bi-guarantee\">\n                                                <img decoding=\"async\" src=\"https:\/\/new.masarat-sy.org\/wp-content\/uploads\/2024\/10\/vetted-org.png\" alt=\"Vetted Organization\">\n                                                <img decoding=\"async\" src=\"https:\/\/new.masarat-sy.org\/wp-content\/uploads\/2024\/10\/effective-org.png\" alt=\"Vetted Organization\">\n                                                <img decoding=\"async\" src=\"https:\/\/new.masarat-sy.org\/wp-content\/uploads\/2024\/10\/top-ranked-org.png\" alt=\"Vetted Organization\">\n                                    <\/div>\n            <\/div>\n\n            <div class=\"bank-info-details\">\n                                        <p>Account Owner: Umut Yollar\u0131 \u0130nsani Yard\u0131mla\u015fma Derne\u011fi<\/p>\n                                        <p>Account Number: 14-1372105-1<\/p>\n                                        <p>Bank Name: Ziraat Kat\u0131l\u0131m Bankas\u0131<\/p>\n                                        <p>Account Branch: De\u011firmi\u00e7em \u015eubesi<\/p>\n                                        <p>Address: T\u00fcrkey<\/p>\n                                        <p>To donate in Turkish Lira (TRY)<br>IBAN: TR900020900001372105000001<\/p>\n                                        <p>To donate in Turkish Lira (USD)<br>IBAN: TR630020900001372105000002<\/p>\n                            <\/div>\n        <\/div>\n[vc_empty_space][\/vc_column][\/vc_row]<\/p>\n<\/div>","protected":false},"excerpt":{"rendered":"<p>[vc_row][vc_column][\/vc_column][\/vc_row][vc_row full_width=&#8221;stretch_row_content_no_spaces&#8221;][vc_column][vc_empty_space height=&#8221;24px&#8221;][\/vc_column][\/vc_row][vc_row][vc_column][vc_empty_space][\/vc_column][\/vc_row]<\/p>\n","protected":false},"author":29,"featured_media":997,"parent":0,"menu_order":0,"comment_status":"closed","ping_status":"closed","template":"","meta":{"give_campaign_id":0,"inline_featured_image":false,"footnotes":""},"class_list":["post-1031","page","type-page","status-publish","has-post-thumbnail","hentry"],"campaignId":"","_links":{"self":[{"href":"https:\/\/new.masarat-sy.org\/ar\/wp-json\/wp\/v2\/pages\/1031","targetHints":{"allow":["GET"]}}],"collection":[{"href":"https:\/\/new.masarat-sy.org\/ar\/wp-json\/wp\/v2\/pages"}],"about":[{"href":"https:\/\/new.masarat-sy.org\/ar\/wp-json\/wp\/v2\/types\/page"}],"author":[{"embeddable":true,"href":"https:\/\/new.masarat-sy.org\/ar\/wp-json\/wp\/v2\/users\/29"}],"replies":[{"embeddable":true,"href":"https:\/\/new.masarat-sy.org\/ar\/wp-json\/wp\/v2\/comments?post=1031"}],"version-history":[{"count":6,"href":"https:\/\/new.masarat-sy.org\/ar\/wp-json\/wp\/v2\/pages\/1031\/revisions"}],"predecessor-version":[{"id":1401,"href":"https:\/\/new.masarat-sy.org\/ar\/wp-json\/wp\/v2\/pages\/1031\/revisions\/1401"}],"wp:featuredmedia":[{"embeddable":true,"href":"https:\/\/new.masarat-sy.org\/ar\/wp-json\/wp\/v2\/media\/997"}],"wp:attachment":[{"href":"https:\/\/new.masarat-sy.org\/ar\/wp-json\/wp\/v2\/media?parent=1031"}],"curies":[{"name":"wp","href":"https:\/\/api.w.org\/{rel}","templated":true}]}}